{"id":9393,"date":"2023-12-11T22:38:05","date_gmt":"2023-12-12T04:38:05","guid":{"rendered":"https:\/\/www.nautiluscr.com\/?page_id=9393"},"modified":"2023-12-13T14:52:10","modified_gmt":"2023-12-13T20:52:10","slug":"servicios","status":"publish","type":"page","link":"https:\/\/www.nautiluscr.com\/en\/servicios\/","title":{"rendered":"OUR SERVICES"},"content":{"rendered":"<div data-elementor-type=\"wp-page\" data-elementor-id=\"9393\" class=\"elementor elementor-9393\" data-elementor-settings=\"{&quot;premium_particles_zindex&quot;:0,&quot;premium_particles_responsive&quot;:[&quot;desktop&quot;,&quot;tablet&quot;,&quot;mobile&quot;]}\" data-elementor-post-type=\"page\">\n\t\t\t\t\t\t\t\t\t<div class=\"elementor-section elementor-top-section elementor-element elementor-element-9943256 elementor-section-boxed elementor-section-height-default elementor-section-height-default elementor-invisible lakit-has-entrance-animation\" data-id=\"9943256\" data-element_type=\"section\" data-settings=\"{&quot;background_background&quot;:&quot;classic&quot;,&quot;background_motion_fx_motion_fx_scrolling&quot;:&quot;yes&quot;,&quot;background_motion_fx_translateY_effect&quot;:&quot;yes&quot;,&quot;animation&quot;:&quot;fadeInUp&quot;,&quot;premium_particles_zindex&quot;:0,&quot;premium_particles_responsive&quot;:[&quot;desktop&quot;,&quot;tablet&quot;,&quot;mobile&quot;],&quot;background_motion_fx_translateY_speed&quot;:{&quot;unit&quot;:&quot;px&quot;,&quot;size&quot;:4,&quot;sizes&quot;:[]},&quot;background_motion_fx_translateY_affectedRange&quot;:{&quot;unit&quot;:&quot;%&quot;,&quot;size&quot;:&quot;&quot;,&quot;sizes&quot;:{&quot;start&quot;:0,&quot;end&quot;:100}},&quot;background_motion_fx_devices&quot;:[&quot;desktop&quot;,&quot;laptop&quot;,&quot;tablet&quot;,&quot;mobile_extra&quot;,&quot;mobile&quot;]}\">\n\t\t\t\t\t\t\t<div class=\"elementor-background-overlay\"><\/div>\n\t\t\t\t\t\t\t<div class=\"elementor-container elementor-column-gap-no\">\n\t\t\t\t\t<div class=\"elementor-column elementor-col-100 elementor-top-column elementor-element elementor-element-df4f61f lakit-col-width-auto-no\" data-id=\"df4f61f\" data-element_type=\"column\" data-settings=\"{&quot;premium_particles_zindex&quot;:0,&quot;premium_particles_responsive&quot;:[&quot;desktop&quot;,&quot;tablet&quot;,&quot;mobile&quot;]}\">\n\t\t\t<div class=\"elementor-widget-wrap elementor-element-populated\">\n\t\t\t\t\t\t\t\t<div class=\"elementor-element elementor-element-30cb3ae elementor-invisible lakit-has-entrance-animation elementor-widget elementor-widget-heading\" data-id=\"30cb3ae\" data-element_type=\"widget\" data-settings=\"{&quot;_animation&quot;:&quot;fadeInUp&quot;,&quot;_animation_delay&quot;:200}\" data-widget_type=\"heading.default\">\n\t\t\t\t<div class=\"elementor-widget-container\">\n\t\t\t<style>\/*! elementor - v3.18.0 - 20-12-2023 *\/\n.elementor-heading-title{padding:0;margin:0;line-height:1}.elementor-widget-heading .elementor-heading-title[class*=elementor-size-]>a{color:inherit;font-size:inherit;line-height:inherit}.elementor-widget-heading .elementor-heading-title.elementor-size-small{font-size:15px}.elementor-widget-heading .elementor-heading-title.elementor-size-medium{font-size:19px}.elementor-widget-heading .elementor-heading-title.elementor-size-large{font-size:29px}.elementor-widget-heading .elementor-heading-title.elementor-size-xl{font-size:39px}.elementor-widget-heading .elementor-heading-title.elementor-size-xxl{font-size:59px}<\/style><h2 class=\"elementor-heading-title elementor-size-default\">OUR SERVICES<\/h2>\t\t<\/div>\n\t\t\t\t<\/div>\n\t\t\t\t\t<\/div>\n\t\t<\/div>\n\t\t\t\t\t\t\t<\/div>\n\t\t<\/div>\n\t\t\t\t<div class=\"elementor-section elementor-top-section elementor-element elementor-element-ded811b elementor-section-content-middle elementor-section-boxed elementor-section-height-default elementor-section-height-default elementor-invisible lakit-has-entrance-animation\" data-id=\"ded811b\" data-element_type=\"section\" data-settings=\"{&quot;background_background&quot;:&quot;classic&quot;,&quot;animation&quot;:&quot;fadeInUp&quot;,&quot;premium_particles_zindex&quot;:0,&quot;premium_particles_responsive&quot;:[&quot;desktop&quot;,&quot;tablet&quot;,&quot;mobile&quot;]}\">\n\t\t\t\t\t\t<div class=\"elementor-container elementor-column-gap-no\">\n\t\t\t\t\t<div class=\"elementor-column elementor-col-100 elementor-top-column elementor-element elementor-element-385f51a lakit-col-width-auto-no\" data-id=\"385f51a\" data-element_type=\"column\" data-settings=\"{&quot;premium_particles_zindex&quot;:0,&quot;premium_particles_responsive&quot;:[&quot;desktop&quot;,&quot;tablet&quot;,&quot;mobile&quot;]}\">\n\t\t\t<div class=\"elementor-widget-wrap elementor-element-populated\">\n\t\t\t\t\t\t\t\t<div class=\"elementor-section elementor-inner-section elementor-element elementor-element-c454d3e elementor-section-boxed elementor-section-height-default elementor-section-height-default\" data-id=\"c454d3e\" data-element_type=\"section\" data-settings=\"{&quot;premium_particles_zindex&quot;:0,&quot;premium_particles_responsive&quot;:[&quot;desktop&quot;,&quot;tablet&quot;,&quot;mobile&quot;]}\">\n\t\t\t\t\t\t<div class=\"elementor-container elementor-column-gap-default\">\n\t\t\t\t\t<div class=\"elementor-column elementor-col-50 elementor-inner-column elementor-element elementor-element-259da89 lakit-col-width-auto-no elementor-invisible lakit-has-entrance-animation\" data-id=\"259da89\" data-element_type=\"column\" data-settings=\"{&quot;background_background&quot;:&quot;classic&quot;,&quot;animation&quot;:&quot;fadeInUp&quot;,&quot;animation_delay&quot;:200,&quot;premium_particles_zindex&quot;:0,&quot;premium_particles_responsive&quot;:[&quot;desktop&quot;,&quot;tablet&quot;,&quot;mobile&quot;]}\">\n\t\t\t<div class=\"elementor-widget-wrap elementor-element-populated\">\n\t\t\t\t\t\t\t\t<div class=\"elementor-element elementor-element-7a17742 divider-ps-after elementor-widget elementor-widget-image-box\" data-id=\"7a17742\" data-element_type=\"widget\" data-widget_type=\"image-box.default\">\n\t\t\t\t<div class=\"elementor-widget-container\">\n\t\t\t<style>.elementor-widget-image-box .elementor-image-box-content{width:100%}@media (min-width:576px){.elementor-widget-image-box.elementor-position-left .elementor-image-box-wrapper,.elementor-widget-image-box.elementor-position-right .elementor-image-box-wrapper{display:flex}.elementor-widget-image-box.elementor-position-right .elementor-image-box-wrapper{text-align:right;flex-direction:row-reverse}.elementor-widget-image-box.elementor-position-left .elementor-image-box-wrapper{text-align:left;flex-direction:row}.elementor-widget-image-box.elementor-position-top .elementor-image-box-img{margin:auto}.elementor-widget-image-box.elementor-vertical-align-top .elementor-image-box-wrapper{align-items:flex-start}.elementor-widget-image-box.elementor-vertical-align-middle .elementor-image-box-wrapper{align-items:center}.elementor-widget-image-box.elementor-vertical-align-bottom .elementor-image-box-wrapper{align-items:flex-end}}@media (max-width:575px){.elementor-widget-image-box .elementor-image-box-img{margin-left:auto!important;margin-right:auto!important;margin-bottom:15px}}.elementor-widget-image-box .elementor-image-box-img{display:inline-block}.elementor-widget-image-box .elementor-image-box-title a{color:inherit}.elementor-widget-image-box .elementor-image-box-wrapper{text-align:center}.elementor-widget-image-box .elementor-image-box-description{margin:0}<\/style><div class=\"elementor-image-box-wrapper\"><div class=\"elementor-image-box-content\"><h3 class=\"elementor-image-box-title\">GET TO KNOW US<\/h3><p class=\"elementor-image-box-description\"><p>We can visit your project and offer a <a href=\"https:\/\/www.nautiluscr.com\/en\/contactenos\/\"><b>quote with no obligation.<\/b><\/a>.<\/p>\n<\/p>\nWe start with a general layout diagram and a general estimate of costs, quantities and timeline. There is no cost for this service.<\/p><\/p><\/div><\/div>\t\t<\/div>\n\t\t\t\t<\/div>\n\t\t\t\t<div class=\"elementor-element elementor-element-5429330 divider-ps-after elementor-widget elementor-widget-image-box\" data-id=\"5429330\" data-element_type=\"widget\" data-widget_type=\"image-box.default\">\n\t\t\t\t<div class=\"elementor-widget-container\">\n\t\t\t<div class=\"elementor-image-box-wrapper\"><div class=\"elementor-image-box-content\"><h3 class=\"elementor-image-box-title\">PRELIMIARY DESIGN<\/h3><p class=\"elementor-image-box-description\"><p>We do 2 partial reviews including 2D and 3D graphic presentation of the project.<\/p>\n<p><b>We use BIM technology <\/b>facilitating the interaction of the all involved parties with the model.<\/p>\n<p>We present a detailed chart with the built area of every space, the average construction cost per square meter, the cost of permits and fees for a global understanding of the total investment to complete the project.<\/p>\n<p>We work with a timeline adjustable to the needs of the client.<\/p><\/p><\/div><\/div>\t\t<\/div>\n\t\t\t\t<\/div>\n\t\t\t\t<div class=\"elementor-element elementor-element-d21efcb divider-ps-after elementor-widget elementor-widget-image-box\" data-id=\"d21efcb\" data-element_type=\"widget\" data-widget_type=\"image-box.default\">\n\t\t\t\t<div class=\"elementor-widget-container\">\n\t\t\t<div class=\"elementor-image-box-wrapper\"><div class=\"elementor-image-box-content\"><h3 class=\"elementor-image-box-title\">CONSTRUCTION PLANS<\/h3><p class=\"elementor-image-box-description\"><p>Within 4 weeks our team will prepare detailed construction plans, in accordance with the laws and requirements of Costa Rica, with more developed interior design, cabinetry, customized elements, etc.<\/p>\n<p><b>Our plans are not static<\/b>, they are subject to constant refinement and feedback during the construction process. Our working platform is flexible to allow for pertinent modifications during the project development.<\/p>\n<p>Each stage is subject to consultation and revision by the design team and the owner.<\/p><\/p><\/div><\/div>\t\t<\/div>\n\t\t\t\t<\/div>\n\t\t\t\t<div class=\"elementor-element elementor-element-322b132 divider-ps-after elementor-widget elementor-widget-image-box\" data-id=\"322b132\" data-element_type=\"widget\" data-widget_type=\"image-box.default\">\n\t\t\t\t<div class=\"elementor-widget-container\">\n\t\t\t<div class=\"elementor-image-box-wrapper\"><div class=\"elementor-image-box-content\"><h3 class=\"elementor-image-box-title\">WEEKLY REPORT<\/h3><p class=\"elementor-image-box-description\"><p>As part of the construction control, we prepare a <b>weekly report <\/b>so that the owner can monitor the progress of the work with photographs and comparative charts.<\/p><\/p><\/div><\/div>\t\t<\/div>\n\t\t\t\t<\/div>\n\t\t\t\t\t<\/div>\n\t\t<\/div>\n\t\t\t\t<div class=\"elementor-column elementor-col-50 elementor-inner-column elementor-element elementor-element-03b7b20 lakit-col-width-auto-no elementor-invisible lakit-has-entrance-animation\" data-id=\"03b7b20\" data-element_type=\"column\" data-settings=\"{&quot;animation&quot;:&quot;fadeInUp&quot;,&quot;animation_delay&quot;:400,&quot;premium_particles_zindex&quot;:0,&quot;premium_particles_responsive&quot;:[&quot;desktop&quot;,&quot;tablet&quot;,&quot;mobile&quot;]}\">\n\t\t\t<div class=\"elementor-widget-wrap elementor-element-populated\">\n\t\t\t\t\t\t\t\t<div class=\"elementor-element elementor-element-525ca98 elementor-widget elementor-widget-image\" data-id=\"525ca98\" data-element_type=\"widget\" data-widget_type=\"image.default\">\n\t\t\t\t<div class=\"elementor-widget-container\">\n\t\t\t<style>\/*! elementor - v3.18.0 - 20-12-2023 *\/\n.elementor-widget-image{text-align:center}.elementor-widget-image a{display:inline-block}.elementor-widget-image a img[src$=\".svg\"]{width:48px}.elementor-widget-image img{vertical-align:middle;display:inline-block}<\/style>\t\t\t\t\t\t\t\t\t\t\t\t\t<a href=\"https:\/\/www.nautiluscr.com\/wp-content\/uploads\/2023\/12\/SD4-VISTA-FRENTE.jpg\" data-elementor-open-lightbox=\"yes\" data-elementor-lightbox-title=\"SD4-VISTA-FRENTE\" data-e-action-hash=\"#elementor-action%3Aaction%3Dlightbox%26settings%3DeyJpZCI6OTQwMiwidXJsIjoiaHR0cHM6XC9cL3d3dy5uYXV0aWx1c2NyLmNvbVwvd3AtY29udGVudFwvdXBsb2Fkc1wvMjAyM1wvMTJcL1NENC1WSVNUQS1GUkVOVEUuanBnIn0%3D\">\n\t\t\t\t\t\t\t<img fetchpriority=\"high\" decoding=\"async\" width=\"1638\" height=\"874\" src=\"https:\/\/www.nautiluscr.com\/wp-content\/uploads\/2023\/12\/SD4-VISTA-FRENTE.jpg\" class=\"attachment-full size-full wp-image-9402\" alt=\"\" srcset=\"https:\/\/www.nautiluscr.com\/wp-content\/uploads\/2023\/12\/SD4-VISTA-FRENTE.jpg 1638w, https:\/\/www.nautiluscr.com\/wp-content\/uploads\/2023\/12\/SD4-VISTA-FRENTE-1536x820.jpg 1536w\" sizes=\"(max-width: 1638px) 100vw, 1638px\" \/>\t\t\t\t\t\t\t\t<\/a>\n\t\t\t\t\t\t\t\t\t\t\t\t\t\t\t<\/div>\n\t\t\t\t<\/div>\n\t\t\t\t<div class=\"elementor-element elementor-element-a361435 elementor-widget elementor-widget-image\" data-id=\"a361435\" data-element_type=\"widget\" data-widget_type=\"image.default\">\n\t\t\t\t<div class=\"elementor-widget-container\">\n\t\t\t\t\t\t\t\t\t\t\t\t\t\t\t\t<a href=\"https:\/\/www.nautiluscr.com\/wp-content\/uploads\/2023\/12\/SD4-1-1-scaled.jpg\" data-elementor-open-lightbox=\"yes\" data-elementor-lightbox-title=\"SD4-1-1\" data-e-action-hash=\"#elementor-action%3Aaction%3Dlightbox%26settings%3DeyJpZCI6OTQwMSwidXJsIjoiaHR0cHM6XC9cL3d3dy5uYXV0aWx1c2NyLmNvbVwvd3AtY29udGVudFwvdXBsb2Fkc1wvMjAyM1wvMTJcL1NENC0xLTEtc2NhbGVkLmpwZyJ9\">\n\t\t\t\t\t\t\t<img decoding=\"async\" width=\"2560\" height=\"1664\" src=\"https:\/\/www.nautiluscr.com\/wp-content\/uploads\/2023\/12\/SD4-1-1-scaled.jpg\" class=\"attachment-full size-full wp-image-9401\" alt=\"\" srcset=\"https:\/\/www.nautiluscr.com\/wp-content\/uploads\/2023\/12\/SD4-1-1-scaled.jpg 2560w, https:\/\/www.nautiluscr.com\/wp-content\/uploads\/2023\/12\/SD4-1-1-1536x998.jpg 1536w, https:\/\/www.nautiluscr.com\/wp-content\/uploads\/2023\/12\/SD4-1-1-2048x1331.jpg 2048w\" sizes=\"(max-width: 2560px) 100vw, 2560px\" \/>\t\t\t\t\t\t\t\t<\/a>\n\t\t\t\t\t\t\t\t\t\t\t\t\t\t\t<\/div>\n\t\t\t\t<\/div>\n\t\t\t\t<div class=\"elementor-element elementor-element-fc8913e elementor-widget elementor-widget-image\" data-id=\"fc8913e\" data-element_type=\"widget\" data-widget_type=\"image.default\">\n\t\t\t\t<div class=\"elementor-widget-container\">\n\t\t\t\t\t\t\t\t\t\t\t\t\t\t\t\t<a href=\"https:\/\/www.nautiluscr.com\/wp-content\/uploads\/2023\/12\/BUNGALOW-VISTA-06.jpg\" data-elementor-open-lightbox=\"yes\" data-elementor-lightbox-title=\"BUNGALOW-VISTA-06\" data-e-action-hash=\"#elementor-action%3Aaction%3Dlightbox%26settings%3DeyJpZCI6OTM5OSwidXJsIjoiaHR0cHM6XC9cL3d3dy5uYXV0aWx1c2NyLmNvbVwvd3AtY29udGVudFwvdXBsb2Fkc1wvMjAyM1wvMTJcL0JVTkdBTE9XLVZJU1RBLTA2LmpwZyJ9\">\n\t\t\t\t\t\t\t<img decoding=\"async\" width=\"1362\" height=\"553\" src=\"https:\/\/www.nautiluscr.com\/wp-content\/uploads\/2023\/12\/BUNGALOW-VISTA-06.jpg\" class=\"attachment-full size-full wp-image-9399\" alt=\"\" \/>\t\t\t\t\t\t\t\t<\/a>\n\t\t\t\t\t\t\t\t\t\t\t\t\t\t\t<\/div>\n\t\t\t\t<\/div>\n\t\t\t\t<div class=\"elementor-element elementor-element-a4202fb elementor-widget elementor-widget-image\" data-id=\"a4202fb\" data-element_type=\"widget\" data-widget_type=\"image.default\">\n\t\t\t\t<div class=\"elementor-widget-container\">\n\t\t\t\t\t\t\t\t\t\t\t\t\t\t\t\t<a href=\"https:\/\/www.nautiluscr.com\/wp-content\/uploads\/2023\/12\/BUNGALOW-VISTA-FRENTE.jpg\" data-elementor-open-lightbox=\"yes\" data-elementor-lightbox-title=\"BUNGALOW-VISTA-FRENTE\" data-e-action-hash=\"#elementor-action%3Aaction%3Dlightbox%26settings%3DeyJpZCI6OTQwMCwidXJsIjoiaHR0cHM6XC9cL3d3dy5uYXV0aWx1c2NyLmNvbVwvd3AtY29udGVudFwvdXBsb2Fkc1wvMjAyM1wvMTJcL0JVTkdBTE9XLVZJU1RBLUZSRU5URS5qcGcifQ%3D%3D\">\n\t\t\t\t\t\t\t<img loading=\"lazy\" decoding=\"async\" width=\"2122\" height=\"1484\" src=\"https:\/\/www.nautiluscr.com\/wp-content\/uploads\/2023\/12\/BUNGALOW-VISTA-FRENTE.jpg\" class=\"attachment-full size-full wp-image-9400\" alt=\"\" srcset=\"https:\/\/www.nautiluscr.com\/wp-content\/uploads\/2023\/12\/BUNGALOW-VISTA-FRENTE.jpg 2122w, https:\/\/www.nautiluscr.com\/wp-content\/uploads\/2023\/12\/BUNGALOW-VISTA-FRENTE-1536x1074.jpg 1536w, https:\/\/www.nautiluscr.com\/wp-content\/uploads\/2023\/12\/BUNGALOW-VISTA-FRENTE-2048x1432.jpg 2048w\" sizes=\"(max-width: 2122px) 100vw, 2122px\" \/>\t\t\t\t\t\t\t\t<\/a>\n\t\t\t\t\t\t\t\t\t\t\t\t\t\t\t<\/div>\n\t\t\t\t<\/div>\n\t\t\t\t\t<\/div>\n\t\t<\/div>\n\t\t\t\t\t\t\t<\/div>\n\t\t<\/div>\n\t\t\t\t<div class=\"elementor-section elementor-inner-section elementor-element elementor-element-5f9df3b elementor-section-boxed elementor-section-height-default elementor-section-height-default\" data-id=\"5f9df3b\" data-element_type=\"section\" data-settings=\"{&quot;premium_particles_zindex&quot;:0,&quot;premium_particles_responsive&quot;:[&quot;desktop&quot;,&quot;tablet&quot;,&quot;mobile&quot;]}\">\n\t\t\t\t\t\t<div class=\"elementor-container elementor-column-gap-default\">\n\t\t\t\t\t<div class=\"elementor-column elementor-col-100 elementor-inner-column elementor-element elementor-element-6ef1ccc lakit-col-width-auto-no elementor-invisible lakit-has-entrance-animation\" data-id=\"6ef1ccc\" data-element_type=\"column\" data-settings=\"{&quot;background_background&quot;:&quot;classic&quot;,&quot;animation&quot;:&quot;fadeInUp&quot;,&quot;animation_delay&quot;:200,&quot;premium_particles_zindex&quot;:0,&quot;premium_particles_responsive&quot;:[&quot;desktop&quot;,&quot;tablet&quot;,&quot;mobile&quot;]}\">\n\t\t\t<div class=\"elementor-widget-wrap elementor-element-populated\">\n\t\t\t\t\t\t\t\t<div class=\"elementor-element elementor-element-0be5172 divider-ps-after elementor-widget elementor-widget-image-box\" data-id=\"0be5172\" data-element_type=\"widget\" data-widget_type=\"image-box.default\">\n\t\t\t\t<div class=\"elementor-widget-container\">\n\t\t\t<div class=\"elementor-image-box-wrapper\"><div class=\"elementor-image-box-content\"><h3 class=\"elementor-image-box-title\">MONTHLY CASH FLOW<br\/>AND ADVANCE REPORT<\/h3><p class=\"elementor-image-box-description\"><p>We keep tight <b>control over payments and expenses <\/b>every invoice is classified in different budget categories.<\/p>\n<p>Each month a cash flow report chart is presented and compared to the advance of the work on site and the materials in storage.<\/p><\/p><\/div><\/div>\t\t<\/div>\n\t\t\t\t<\/div>\n\t\t\t\t<div class=\"elementor-element elementor-element-4792f99 divider-ps-after elementor-widget elementor-widget-image-box\" data-id=\"4792f99\" data-element_type=\"widget\" data-widget_type=\"image-box.default\">\n\t\t\t\t<div class=\"elementor-widget-container\">\n\t\t\t<div class=\"elementor-image-box-wrapper\"><div class=\"elementor-image-box-content\"><h3 class=\"elementor-image-box-title\">COMPLETION OF WORKS<\/h3><p class=\"elementor-image-box-description\"><p>Once the project is complete, the finished building can be tested by the owner for a 3-4 week period, to verify that everything is working properly. <b>The construction team will remain available until receiving a satisfactory report <\/b>from the owner.<\/p>\n<p>For a period of one year, we continue to address any defects in materials or the construction process. We provide a warranty for the work performed.<\/p><\/p><\/div><\/div>\t\t<\/div>\n\t\t\t\t<\/div>\n\t\t\t\t<div class=\"elementor-element elementor-element-585db04 divider-ps-after elementor-widget elementor-widget-image-box\" data-id=\"585db04\" data-element_type=\"widget\" data-widget_type=\"image-box.default\">\n\t\t\t\t<div class=\"elementor-widget-container\">\n\t\t\t<div class=\"elementor-image-box-wrapper\"><div class=\"elementor-image-box-content\"><h3 class=\"elementor-image-box-title\">TURNKEY CONTRACT<\/h3><p class=\"elementor-image-box-description\"><p>Full building process in attendance to approved plans and specifications.<\/p>\n<p>Recommended for owners that cannot be or don\u00b4t want to be present during construction time but require a reliable product with high quality standards.<\/p><\/p><\/div><\/div>\t\t<\/div>\n\t\t\t\t<\/div>\n\t\t\t\t<div class=\"elementor-element elementor-element-ead8ec8 divider-ps-after elementor-widget elementor-widget-image-box\" data-id=\"ead8ec8\" data-element_type=\"widget\" data-widget_type=\"image-box.default\">\n\t\t\t\t<div class=\"elementor-widget-container\">\n\t\t\t<div class=\"elementor-image-box-wrapper\"><div class=\"elementor-image-box-content\"><h3 class=\"elementor-image-box-title\">ADMINISTRATION CONTRACT<\/h3><p class=\"elementor-image-box-description\"><p>Project management from beginning to end of construction process.<\/p>\n<p>The owner has an active role and must be willing to participate with weekly payments directly to suppliers and subcontractors, therefore they share responsibility with the general contractor.<\/p>\n<p>Recommended for people that feel safer controlling sourcing and billing. The owner is active and participant of the whole construction process.<\/p><\/p><\/div><\/div>\t\t<\/div>\n\t\t\t\t<\/div>\n\t\t\t\t\t<\/div>\n\t\t<\/div>\n\t\t\t\t\t\t\t<\/div>\n\t\t<\/div>\n\t\t\t\t\t<\/div>\n\t\t<\/div>\n\t\t\t\t\t\t\t<\/div>\n\t\t<\/div>\n\t\t\t\t\t\t\t<\/div>","protected":false},"excerpt":{"rendered":"<p>CON\u00d3ZCANOS Hacemos una visita y cotizamos sin compromiso. Comenzamos con un esquema de distribuci\u00f3n general y un estimado de costos, cantidades y tiempos. DISE\u00d1O PRELIMINAR Hacemos 2 revisiones de dise\u00f1o preliminar que incluye presentaci\u00f3n gr\u00e1fica en 2 [&hellip;]<\/p>","protected":false},"author":1,"featured_media":0,"parent":0,"menu_order":6,"comment_status":"closed","ping_status":"closed","template":"","meta":{"footnotes":""},"class_list":["post-9393","page","type-page","status-publish","hentry"],"_links":{"self":[{"href":"https:\/\/www.nautiluscr.com\/en\/wp-json\/wp\/v2\/pages\/9393","targetHints":{"allow":["GET"]}}],"collection":[{"href":"https:\/\/www.nautiluscr.com\/en\/wp-json\/wp\/v2\/pages"}],"about":[{"href":"https:\/\/www.nautiluscr.com\/en\/wp-json\/wp\/v2\/types\/page"}],"author":[{"embeddable":true,"href":"https:\/\/www.nautiluscr.com\/en\/wp-json\/wp\/v2\/users\/1"}],"replies":[{"embeddable":true,"href":"https:\/\/www.nautiluscr.com\/en\/wp-json\/wp\/v2\/comments?post=9393"}],"version-history":[{"count":32,"href":"https:\/\/www.nautiluscr.com\/en\/wp-json\/wp\/v2\/pages\/9393\/revisions"}],"predecessor-version":[{"id":10836,"href":"https:\/\/www.nautiluscr.com\/en\/wp-json\/wp\/v2\/pages\/9393\/revisions\/10836"}],"wp:attachment":[{"href":"https:\/\/www.nautiluscr.com\/en\/wp-json\/wp\/v2\/media?parent=9393"}],"curies":[{"name":"wp","href":"https:\/\/api.w.org\/{rel}","templated":true}]}}