{"id":9612,"date":"2023-12-12T07:34:59","date_gmt":"2023-12-12T13:34:59","guid":{"rendered":"https:\/\/www.nautiluscr.com\/?page_id=9612"},"modified":"2023-12-18T09:41:59","modified_gmt":"2023-12-18T15:41:59","slug":"equipo","status":"publish","type":"page","link":"https:\/\/www.nautiluscr.com\/en\/equipo\/","title":{"rendered":"Our Team"},"content":{"rendered":"<div data-elementor-type=\"wp-page\" data-elementor-id=\"9612\" class=\"elementor elementor-9612\" data-elementor-settings=\"{&quot;premium_particles_zindex&quot;:0,&quot;premium_particles_responsive&quot;:[&quot;desktop&quot;,&quot;tablet&quot;,&quot;mobile&quot;]}\" data-elementor-post-type=\"page\">\n\t\t\t\t\t\t\t\t\t<div class=\"elementor-section elementor-top-section elementor-element elementor-element-9943256 elementor-section-boxed elementor-section-height-default elementor-section-height-default elementor-invisible lakit-has-entrance-animation\" data-id=\"9943256\" data-element_type=\"section\" data-settings=\"{&quot;background_background&quot;:&quot;classic&quot;,&quot;background_motion_fx_motion_fx_scrolling&quot;:&quot;yes&quot;,&quot;background_motion_fx_translateY_effect&quot;:&quot;yes&quot;,&quot;animation&quot;:&quot;fadeInUp&quot;,&quot;premium_particles_zindex&quot;:0,&quot;premium_particles_responsive&quot;:[&quot;desktop&quot;,&quot;tablet&quot;,&quot;mobile&quot;],&quot;background_motion_fx_translateY_speed&quot;:{&quot;unit&quot;:&quot;px&quot;,&quot;size&quot;:4,&quot;sizes&quot;:[]},&quot;background_motion_fx_translateY_affectedRange&quot;:{&quot;unit&quot;:&quot;%&quot;,&quot;size&quot;:&quot;&quot;,&quot;sizes&quot;:{&quot;start&quot;:0,&quot;end&quot;:100}},&quot;background_motion_fx_devices&quot;:[&quot;desktop&quot;,&quot;laptop&quot;,&quot;tablet&quot;,&quot;mobile_extra&quot;,&quot;mobile&quot;]}\">\n\t\t\t\t\t\t\t<div class=\"elementor-background-overlay\"><\/div>\n\t\t\t\t\t\t\t<div class=\"elementor-container elementor-column-gap-no\">\n\t\t\t\t\t<div class=\"elementor-column elementor-col-100 elementor-top-column elementor-element elementor-element-df4f61f lakit-col-width-auto-no\" data-id=\"df4f61f\" data-element_type=\"column\" data-settings=\"{&quot;premium_particles_zindex&quot;:0,&quot;premium_particles_responsive&quot;:[&quot;desktop&quot;,&quot;tablet&quot;,&quot;mobile&quot;]}\">\n\t\t\t<div class=\"elementor-widget-wrap elementor-element-populated\">\n\t\t\t\t\t\t\t\t<div class=\"elementor-element elementor-element-30cb3ae elementor-invisible lakit-has-entrance-animation elementor-widget elementor-widget-heading\" data-id=\"30cb3ae\" data-element_type=\"widget\" data-settings=\"{&quot;_animation&quot;:&quot;fadeInUp&quot;,&quot;_animation_delay&quot;:200}\" data-widget_type=\"heading.default\">\n\t\t\t\t<div class=\"elementor-widget-container\">\n\t\t\t<style>\/*! elementor - v3.18.0 - 20-12-2023 *\/\n.elementor-heading-title{padding:0;margin:0;line-height:1}.elementor-widget-heading .elementor-heading-title[class*=elementor-size-]>a{color:inherit;font-size:inherit;line-height:inherit}.elementor-widget-heading .elementor-heading-title.elementor-size-small{font-size:15px}.elementor-widget-heading .elementor-heading-title.elementor-size-medium{font-size:19px}.elementor-widget-heading .elementor-heading-title.elementor-size-large{font-size:29px}.elementor-widget-heading .elementor-heading-title.elementor-size-xl{font-size:39px}.elementor-widget-heading .elementor-heading-title.elementor-size-xxl{font-size:59px}<\/style><h2 class=\"elementor-heading-title elementor-size-default\">Our Team<\/h2>\t\t<\/div>\n\t\t\t\t<\/div>\n\t\t\t\t\t<\/div>\n\t\t<\/div>\n\t\t\t\t\t\t\t<\/div>\n\t\t<\/div>\n\t\t\t\t<div class=\"elementor-section elementor-top-section elementor-element elementor-element-22020f9 elementor-section-content-middle elementor-reverse-mobile elementor-section-boxed elementor-section-height-default elementor-section-height-default\" data-id=\"22020f9\" data-element_type=\"section\" data-settings=\"{&quot;premium_particles_zindex&quot;:0,&quot;premium_particles_responsive&quot;:[&quot;desktop&quot;,&quot;tablet&quot;,&quot;mobile&quot;]}\">\n\t\t\t\t\t\t<div class=\"elementor-container elementor-column-gap-no\">\n\t\t\t\t\t<div class=\"elementor-column elementor-col-50 elementor-top-column elementor-element elementor-element-8a494c0 lakit-col-width-auto-no elementor-invisible lakit-has-entrance-animation\" data-id=\"8a494c0\" data-element_type=\"column\" data-settings=\"{&quot;animation&quot;:&quot;fadeInUp&quot;,&quot;animation_delay&quot;:200,&quot;premium_particles_zindex&quot;:0,&quot;premium_particles_responsive&quot;:[&quot;desktop&quot;,&quot;tablet&quot;,&quot;mobile&quot;]}\">\n\t\t\t<div class=\"elementor-widget-wrap elementor-element-populated\">\n\t\t\t\t\t\t\t\t<div class=\"elementor-element elementor-element-cb07ffb elementor-widget elementor-widget-spacer\" data-id=\"cb07ffb\" data-element_type=\"widget\" data-widget_type=\"spacer.default\">\n\t\t\t\t<div class=\"elementor-widget-container\">\n\t\t\t<style>\/*! elementor - v3.18.0 - 20-12-2023 *\/\n.elementor-column .elementor-spacer-inner{height:var(--spacer-size)}.e-con{--container-widget-width:100%}.e-con-inner>.elementor-widget-spacer,.e-con>.elementor-widget-spacer{width:var(--container-widget-width,var(--spacer-size));--align-self:var(--container-widget-align-self,initial);--flex-shrink:0}.e-con-inner>.elementor-widget-spacer>.elementor-widget-container,.e-con>.elementor-widget-spacer>.elementor-widget-container{height:100%;width:100%}.e-con-inner>.elementor-widget-spacer>.elementor-widget-container>.elementor-spacer,.e-con>.elementor-widget-spacer>.elementor-widget-container>.elementor-spacer{height:100%}.e-con-inner>.elementor-widget-spacer>.elementor-widget-container>.elementor-spacer>.elementor-spacer-inner,.e-con>.elementor-widget-spacer>.elementor-widget-container>.elementor-spacer>.elementor-spacer-inner{height:var(--container-widget-height,var(--spacer-size))}.e-con-inner>.elementor-widget-spacer.elementor-widget-empty,.e-con>.elementor-widget-spacer.elementor-widget-empty{position:relative;min-height:22px;min-width:22px}.e-con-inner>.elementor-widget-spacer.elementor-widget-empty .elementor-widget-empty-icon,.e-con>.elementor-widget-spacer.elementor-widget-empty .elementor-widget-empty-icon{position:absolute;top:0;bottom:0;left:0;right:0;margin:auto;padding:0;width:22px;height:22px}<\/style>\t\t<div class=\"elementor-spacer\">\n\t\t\t<div class=\"elementor-spacer-inner\"><\/div>\n\t\t<\/div>\n\t\t\t\t<\/div>\n\t\t\t\t<\/div>\n\t\t\t\t\t<\/div>\n\t\t<\/div>\n\t\t\t\t<div class=\"elementor-column elementor-col-50 elementor-top-column elementor-element elementor-element-6e24398 lakit-col-width-auto-no\" data-id=\"6e24398\" data-element_type=\"column\" data-settings=\"{&quot;premium_particles_zindex&quot;:0,&quot;premium_particles_responsive&quot;:[&quot;desktop&quot;,&quot;tablet&quot;,&quot;mobile&quot;]}\">\n\t\t\t<div class=\"elementor-widget-wrap elementor-element-populated\">\n\t\t\t\t\t\t\t\t<div class=\"elementor-element elementor-element-bf89b07 elementor-invisible lakit-has-entrance-animation elementor-widget elementor-widget-heading\" data-id=\"bf89b07\" data-element_type=\"widget\" data-settings=\"{&quot;_animation&quot;:&quot;fadeInUp&quot;}\" data-widget_type=\"heading.default\">\n\t\t\t\t<div class=\"elementor-widget-container\">\n\t\t\t<div class=\"elementor-heading-title elementor-size-default\">Meet our team of specialists<\/div>\t\t<\/div>\n\t\t\t\t<\/div>\n\t\t\t\t<div class=\"elementor-element elementor-element-f0b82c2 elementor-invisible lakit-has-entrance-animation elementor-widget elementor-widget-heading\" data-id=\"f0b82c2\" data-element_type=\"widget\" data-settings=\"{&quot;_animation&quot;:&quot;fadeInUp&quot;,&quot;_animation_delay&quot;:200}\" data-widget_type=\"heading.default\">\n\t\t\t\t<div class=\"elementor-widget-container\">\n\t\t\t<h2 class=\"elementor-heading-title elementor-size-default\">WHO WE ARE?<\/h2>\t\t<\/div>\n\t\t\t\t<\/div>\n\t\t\t\t<div class=\"elementor-element elementor-element-5b0b8c9 elementor-widget elementor-widget-spacer\" data-id=\"5b0b8c9\" data-element_type=\"widget\" data-widget_type=\"spacer.default\">\n\t\t\t\t<div class=\"elementor-widget-container\">\n\t\t\t\t\t<div class=\"elementor-spacer\">\n\t\t\t<div class=\"elementor-spacer-inner\"><\/div>\n\t\t<\/div>\n\t\t\t\t<\/div>\n\t\t\t\t<\/div>\n\t\t\t\t<div class=\"elementor-element elementor-element-9831ae4 bannerlist--preset-default lakit-arrow--showonhover-no lakit-dots--vertical-no elementor-widget lastudio-kit elementor-lakit-banner-list\" data-id=\"9831ae4\" data-element_type=\"widget\" data-widget_type=\"lakit-banner-list.default\">\n\t\t\t\t<div class=\"elementor-widget-container\">\n\t\t\t<style>.lakit-bannerlist {\n  --e_bnl-text-align: center;\n  --e_bnl-align: center;\n  --e_bnl-iwidth: 100%\n}\n.lakit-bannerlist__image, .lakit-bannerlist__link {\n  position: relative;\n  overflow: hidden;\n  display: block\n}\n.lakit-bannerlist.lakit-carousel .lakit-bannerlist__list_wrapper, .lakit-bannerlist.lakit-masonry-wrapper, .lakit-bannerlist__list.col-row {\n  margin-left: calc(-1 * var(--lakit-bannerlist-col-gap, 10px));\n  margin-right: calc(-1 * var(--lakit-bannerlist-col-gap, 10px))\n}\n.lakit-bannerlist.lakit-masonry-wrapper .lakit-bannerlist__list {\n  margin: 0\n}\n.lastudio-kit .lakit-bannerlist__item {\n  padding: var(--lakit-bannerlist-col-gap, 10px);\n  margin-bottom: var(--lakit-bannerlist-row-gap, 0)\n}\n.lakit-bannerlist__image {\n  width: var(--e_bnl-iwidth);\n  display: inline-block;\n  vertical-align: middle;\n  padding: var(--lakit-bannerlist-image-padding);\n  border-radius: var(--lakit-bannerlist-image-radius)\n}\n.lakit-bannerlist__image:before {\n  content: '';\n  display: block\n}\n.lakit-bannerlist__image-instance {\n  width: 100%;\n  min-width: 20px;\n  min-height: 20px;\n  transition: transform .5s;\n  object-fit: cover;\n  transform: scale(var(--lakit-bannerlist-image-scale, 1))\n}\n.lakit-bannerlist__image .lakit-bannerlist__image-instance {\n  border-radius: inherit\n}\n.lakit-bannerlist__link:hover .lakit-bannerlist__image-instance {\n  transform: scale(var(--lakit-bannerlist-image-scale-hover, 1.15))\n}\n.lakit-bannerlist__link:hover .lakit-bannerlist__image {\n  padding: var(--lakit-bannerlist-image-hover-padding);\n  border-radius: var(--lakit-bannerlist-image-hover-radius)\n}\n.lakit-bannerlist__content-inner {\n  width: var(--lakit-bannerlist-content-width, auto);\n  max-width: 100%;\n  padding: var(--lakit-bannerlist-content-padding, 0);\n  margin: var(--lakit-bannerlist-content-margin, 0);\n  border-radius: var(--lakit-bannerlist-content-radius, 0)\n}\n.enable-c-height-true .lakit-bannerlist__image-instance {\n  position: absolute;\n  left: 0;\n  top: 0;\n  width: 100%;\n  height: 100%;\n  object-fit: cover\n}\n.enable-c-height-true .lakit-bannerlist__image {\n  padding: 0\n}\n.enable-c-height-true .lakit-bannerlist__image .lakit-bannerlist__image-instance {\n  padding: var(--lakit-bannerlist-image-padding)\n}\n.enable-c-height-true .lakit-bannerlist__link:hover .lakit-bannerlist__image .lakit-bannerlist__image-instance {\n  padding: var(--lakit-bannerlist-image-hover-padding)\n}\n.lakit-bannerlist.layout-type-overlay .lakit-bannerlist__content {\n  position: absolute;\n  top: 0;\n  left: 0;\n  bottom: 0;\n  right: 0;\n  flex-basis: 100%;\n  display: flex;\n  width: 100%\n}\n.lakit-bannerlist.layout-type-overlay .lakit-bannerlist__content-inner {\n  position: absolute\n}\n.lakit-bannerlist__image:after {\n  content: '';\n  left: 0;\n  top: 0;\n  right: 0;\n  bottom: 0;\n  position: absolute;\n  transition: .4s;\n  opacity: 0;\n  mix-blend-mode: var(--lakit-banner-overlay-mix-blend-mode, 'initial')\n}\n.lakit-bannerlist.layout-type-overlay.lakit-masonry--cover-bg .lakit-bannerlist__image-instance {\n  height: calc(var(--item-height, auto) * 1px - var(--lakit-bannerlist-col-gap, 0) * 2)\n}\n.content-visible-hover-yes .lakit-bannerlist.layout-type-overlay .lakit-bannerlist__content {\n  opacity: 0;\n  transition: .3s\n}\n.content-visible-hover-yes .lakit-bannerlist.layout-type-overlay .lakit-bannerlist__inner:hover .lakit-bannerlist__content {\n  opacity: 1\n}\n.lakit-bannerlist__subtitle {\n  color: var(--e-subtitle-color);\n  background-color: var(--e-subtitle-bgcolor);\n}\n.lakit-bannerlist__title {\n  color: var(--e-title-color);\n  background-color: var(--e-title-bgcolor);\n}\n.lakit-bannerlist__desc {\n  color: var(--e-desc-color);\n  background-color: var(--e-desc-bgcolor);\n}\n.lakit-bannerlist__subdesc {\n  color: var(--e-subdesc-color);\n  background-color: var(--e-subdesc-bgcolor);\n}\n.lakit-bannerlist__inner:hover .lakit-bannerlist__subtitle {\n  color: var(--e-subtitle-hover-color, var(--e-subtitle-color));\n  background-color: var(--e-subtitle-hover-bgcolor, var(--e-subtitle-bgcolor));\n}\n.lakit-bannerlist__inner:hover .lakit-bannerlist__title {\n  color: var(--e-title-hover-color, var(--e-title-color));\n  background-color: var(--e-title-hover-bgcolor, var(--e-title-bgcolor));\n}\n.lakit-bannerlist__inner:hover .lakit-bannerlist__desc {\n  color: var(--e-desc-hover-color, var(--e-desc-color));\n  background-color: var(--e-desc-hover-bgcolor, var(--e-desc-bgcolor));\n}\n.lakit-bannerlist__inner:hover .lakit-bannerlist__subdesc {\n  color: var(--e-subdesc-hover-color, var(--e-subdesc-color));\n  background-color: var(--e-subdesc-hover-bgcolor, var(--e-subdesc-bgcolor));\n}\n.lakit-bannerlist__inner {\n  text-align: var(--e_bnl-text-align)\n}\n.bannerlist--preset-flat02 .lakit-bannerlist__link {\n  display: flex;\n  flex-direction: column;\n  align-items: var(--e_bnl-align)\n}\n.bannerlist--preset-flat02 .lakit-bannerlist__content {\n  order: -2\n}\n.bannerlist--preset-flat03 .lakit-bannerlist__content-inner {\n  display: flex;\n  align-items: center\n}\n.bannerlist--preset-flat03 .lakit-bannerlist__btn_wrap {\n  margin-left: auto\n}\n.lakit-bannerlist.layout-type-overlay.lakit-masonry--cover-bg .lakit-bannerlist__image:before {\n  padding-bottom: 0 !important\n}<\/style>\n<div class=\"lakit-bannerlist layout-type-flat preset-default\" data-item_selector=\".lakit-bannerlist__item\" >\n        <div class=\"lakit-bannerlist__list_wrapper\">\n        <div class=\"lakit-bannerlist__list col-row\">\n            <div class=\"elementor-repeater-item-6b76644 lakit-bannerlist__item col-desk-2 col-lap-2 col-tab-2 col-tabp-2\"><div class=\"lakit-bannerlist__inner\"><a href=\"https:\/\/www.nautiluscr.com\/en\/team-member\/lay\/\" class=\"lakit-bannerlist__link\"><div class=\"lakit-bannerlist__content\"><div class=\"lakit-bannerlist__content-inner\"><div class=\"lakit-bannerlist__subtitle\" data-title=\"Lay Ling Ag\u00fcero Ching\">Lay Ling Ag\u00fcero Ching<\/div><div class=\"lakit-bannerlist__title\" data-title=\"Licenciada en Arquitectura\">Degree in Architecture<\/div><div class=\"lakit-bannerlist__btn_wrap\"><span class=\"elementor-button lakit-bannerlist__btn\">View more<\/span><\/div><\/div><\/div><\/a><\/div><\/div><div class=\"elementor-repeater-item-02cd0c1 lakit-bannerlist__item col-desk-2 col-lap-2 col-tab-2 col-tabp-2\"><div class=\"lakit-bannerlist__inner\"><a href=\"https:\/\/www.nautiluscr.com\/en\/team-member\/jose-daniel\/\" class=\"lakit-bannerlist__link\"><div class=\"lakit-bannerlist__content\"><div class=\"lakit-bannerlist__content-inner\"><div class=\"lakit-bannerlist__subtitle\" data-title=\"Jos\u00e9 Daniel Fallas Pe\u00f1a\">Jos\u00e9 Daniel Fallas Pe\u00f1a<\/div><div class=\"lakit-bannerlist__title\" data-title=\"Ingeniero Electromec\u00e1nico\">Electromechanical Engineer<\/div><div class=\"lakit-bannerlist__btn_wrap\"><span class=\"elementor-button lakit-bannerlist__btn\">View more<\/span><\/div><\/div><\/div><\/a><\/div><\/div>        <\/div>\n    <\/div>\n    <\/div>\t\t<\/div>\n\t\t\t\t<\/div>\n\t\t\t\t\t<\/div>\n\t\t<\/div>\n\t\t\t\t\t\t\t<\/div>\n\t\t<\/div>\n\t\t\t\t<div class=\"elementor-section elementor-top-section elementor-element elementor-element-fdb614f elementor-section-boxed elementor-section-height-default elementor-section-height-default\" data-id=\"fdb614f\" data-element_type=\"section\" data-settings=\"{&quot;background_background&quot;:&quot;classic&quot;,&quot;premium_particles_zindex&quot;:0,&quot;premium_particles_responsive&quot;:[&quot;desktop&quot;,&quot;tablet&quot;,&quot;mobile&quot;]}\">\n\t\t\t\t\t\t<div class=\"elementor-container elementor-column-gap-no\">\n\t\t\t\t\t<div class=\"elementor-column elementor-col-100 elementor-top-column elementor-element elementor-element-3a3ca7f lakit-col-width-auto-no\" data-id=\"3a3ca7f\" data-element_type=\"column\" data-settings=\"{&quot;premium_particles_zindex&quot;:0,&quot;premium_particles_responsive&quot;:[&quot;desktop&quot;,&quot;tablet&quot;,&quot;mobile&quot;]}\">\n\t\t\t<div class=\"elementor-widget-wrap elementor-element-populated\">\n\t\t\t\t\t\t\t\t<div class=\"elementor-element elementor-element-ce06703 elementor-invisible lakit-has-entrance-animation elementor-widget elementor-widget-heading\" data-id=\"ce06703\" data-element_type=\"widget\" data-settings=\"{&quot;_animation&quot;:&quot;fadeInUp&quot;}\" data-widget_type=\"heading.default\">\n\t\t\t\t<div class=\"elementor-widget-container\">\n\t\t\t<div class=\"elementor-heading-title elementor-size-default\">Company Registered with the Federated College of Engineers and Architects<\/div>\t\t<\/div>\n\t\t\t\t<\/div>\n\t\t\t\t<div class=\"elementor-element elementor-element-86ebc0d elementor-widget elementor-widget-image\" data-id=\"86ebc0d\" data-element_type=\"widget\" data-widget_type=\"image.default\">\n\t\t\t\t<div class=\"elementor-widget-container\">\n\t\t\t<style>\/*! elementor - v3.18.0 - 20-12-2023 *\/\n.elementor-widget-image{text-align:center}.elementor-widget-image a{display:inline-block}.elementor-widget-image a img[src$=\".svg\"]{width:48px}.elementor-widget-image img{vertical-align:middle;display:inline-block}<\/style>\t\t\t\t\t\t\t\t\t\t\t\t<img decoding=\"async\" src=\"https:\/\/www.nautiluscr.com\/wp-content\/uploads\/elementor\/thumbs\/LOGO-CFIA-qgokpdfw1tvcmd9yjsaekmr5ukrlaxqa6wq5ffe8zk.jpg\" title=\"LOGO-CFIA\" alt=\"LOGO-CFIA\" loading=\"lazy\" \/>\t\t\t\t\t\t\t\t\t\t\t\t\t\t\t<\/div>\n\t\t\t\t<\/div>\n\t\t\t\t\t<\/div>\n\t\t<\/div>\n\t\t\t\t\t\t\t<\/div>\n\t\t<\/div>\n\t\t\t\t\t\t\t<\/div>","protected":false},"excerpt":{"rendered":"<p>Conozca nuestro equipo de especialistas \u00bfQui\u00e9nes somos? Lay Ling Ag\u00fcero ChingLicenciada en ArquitecturaLeer m\u00e1sJos\u00e9 Daniel Fallas Pe\u00f1aIngeniero Electromec\u00e1nicoLeer m\u00e1s Empresa Inscrita en el Colegio Federado de Ingenieros y Arquitectos<\/p>","protected":false},"author":1,"featured_media":0,"parent":0,"menu_order":5,"comment_status":"closed","ping_status":"closed","template":"","meta":{"footnotes":""},"class_list":["post-9612","page","type-page","status-publish","hentry"],"_links":{"self":[{"href":"https:\/\/www.nautiluscr.com\/en\/wp-json\/wp\/v2\/pages\/9612","targetHints":{"allow":["GET"]}}],"collection":[{"href":"https:\/\/www.nautiluscr.com\/en\/wp-json\/wp\/v2\/pages"}],"about":[{"href":"https:\/\/www.nautiluscr.com\/en\/wp-json\/wp\/v2\/types\/page"}],"author":[{"embeddable":true,"href":"https:\/\/www.nautiluscr.com\/en\/wp-json\/wp\/v2\/users\/1"}],"replies":[{"embeddable":true,"href":"https:\/\/www.nautiluscr.com\/en\/wp-json\/wp\/v2\/comments?post=9612"}],"version-history":[{"count":28,"href":"https:\/\/www.nautiluscr.com\/en\/wp-json\/wp\/v2\/pages\/9612\/revisions"}],"predecessor-version":[{"id":10885,"href":"https:\/\/www.nautiluscr.com\/en\/wp-json\/wp\/v2\/pages\/9612\/revisions\/10885"}],"wp:attachment":[{"href":"https:\/\/www.nautiluscr.com\/en\/wp-json\/wp\/v2\/media?parent=9612"}],"curies":[{"name":"wp","href":"https:\/\/api.w.org\/{rel}","templated":true}]}}